{"id":37,"date":"2016-05-17T09:29:59","date_gmt":"2016-05-17T09:29:59","guid":{"rendered":"http:\/\/tezfilespremium.net\/?page_id=37"},"modified":"2025-02-02T16:34:52","modified_gmt":"2025-02-02T16:34:52","slug":"policy","status":"publish","type":"page","link":"https:\/\/tezfilespremium.net\/pt\/policy\/","title":{"rendered":"Pol\u00edtica de Privacidade"},"content":{"rendered":"<p><strong>Do we use cookies?<\/strong><br \/>\n<span style=\"color: #000000;\">Yes (Cookies are small files that a site or its service provider transfers to your computers hard drive through your Web browser (if you allow) that enables the sites or service providers systems to recognize your browser and capture and remember certain information<\/span><\/p>\n<p><span style=\"color: #000000;\">We use cookies to understand and save your preferences for future visits.<\/span><\/p>\n<p><strong>What information do we collect?<\/strong><br \/>\n<span style=\"color: #000000;\">We register information about your IP address in order to maintain a safe environment for our users. We may analyse details of your visits to our site, including, but not limited to, traffic data, location data and other communication data and the resources that you access.<\/span><\/p>\n<p><strong>What is this site about?<\/strong><br \/>\nThe primary purpose of this website (tezfilespremium.net) is to provide information about the services offered by TezFiles.<\/p>\n","protected":false},"excerpt":{"rendered":"<p>N\u00f3s usamos cookies? Sim (Cookies s\u00e3o pequenos arquivos que um site ou seu provedor de servi\u00e7os transfere para o disco r\u00edgido de seus computadores atrav\u00e9s de seu navegador da Web (se voc\u00ea permitir) que permite que os sites ou sistemas &hellip;<\/p>\n<p class=\"read-more\"> <a class=\"more-link\" href=\"https:\/\/tezfilespremium.net\/pt\/policy\/\"> <span class=\"screen-reader-text\">Pol\u00edtica de Privacidade<\/span> Leia Mais &raquo;<\/a><\/p>\n","protected":false},"author":1,"featured_media":0,"parent":0,"menu_order":5,"comment_status":"closed","ping_status":"closed","template":"","meta":{"footnotes":""},"class_list":["post-37","page","type-page","status-publish","hentry"],"_links":{"self":[{"href":"https:\/\/tezfilespremium.net\/pt\/wp-json\/wp\/v2\/pages\/37","targetHints":{"allow":["GET"]}}],"collection":[{"href":"https:\/\/tezfilespremium.net\/pt\/wp-json\/wp\/v2\/pages"}],"about":[{"href":"https:\/\/tezfilespremium.net\/pt\/wp-json\/wp\/v2\/types\/page"}],"author":[{"embeddable":true,"href":"https:\/\/tezfilespremium.net\/pt\/wp-json\/wp\/v2\/users\/1"}],"replies":[{"embeddable":true,"href":"https:\/\/tezfilespremium.net\/pt\/wp-json\/wp\/v2\/comments?post=37"}],"version-history":[{"count":9,"href":"https:\/\/tezfilespremium.net\/pt\/wp-json\/wp\/v2\/pages\/37\/revisions"}],"predecessor-version":[{"id":336,"href":"https:\/\/tezfilespremium.net\/pt\/wp-json\/wp\/v2\/pages\/37\/revisions\/336"}],"wp:attachment":[{"href":"https:\/\/tezfilespremium.net\/pt\/wp-json\/wp\/v2\/media?parent=37"}],"curies":[{"name":"wp","href":"https:\/\/api.w.org\/{rel}","templated":true}]}}