{"id":2,"date":"2016-05-16T23:04:15","date_gmt":"2016-05-16T23:04:15","guid":{"rendered":"http:\/\/tezfilespremium.net\/?page_id=2"},"modified":"2024-01-22T12:41:08","modified_gmt":"2024-01-22T12:41:08","slug":"register","status":"publish","type":"page","link":"https:\/\/tezfilespremium.net\/de\/register\/","title":{"rendered":"Registrieren"},"content":{"rendered":"<p style=\"text-align: center;\"><strong><span style=\"font-size: 14pt; color: #000000;\">Easy and quick Registration on TezFiles<\/span><\/strong><\/p>\n<p style=\"text-align: center;\"><strong>Fast and Secure<\/strong>: Enjoy lightning-fast file uploads and downloads with top-notch security measures.<\/p>\n<p style=\"text-align: center;\"><strong>Unlimited Storage<\/strong>: Store all your files in one place with our generous storage options.<\/p>\n<p style=\"text-align: center;\"><strong>User-Friendly Interface<\/strong>: Navigate effortlessly with our intuitive and easy-to-use interface.<\/p>\n<h2 style=\"text-align: center;\">How to Register:<\/h2>\n<p style=\"text-align: center;\">Step 1: Click on &#8220;Register&#8221;<\/p>\n<p style=\"text-align: center;\">Visit TezFiles<\/p>\n<p style=\"text-align: center;\">Click on &#8220;Register&#8221; to create your account.<\/p>\n<p style=\"text-align: center;\">Step 2: Fill in Your Information<\/p>\n<p style=\"text-align: center;\">Provide a valid email address and create a strong password.<\/p>\n<p style=\"text-align: center;\">Alternatively, sign up quickly using your Google account with Google Auth.<\/p>\n<p style=\"text-align: center;\">Step 3: Verify Your Account<\/p>\n<p style=\"text-align: center;\">Check your email for a verification link.<\/p>\n<p style=\"text-align: center;\">Click on the link to activate your TezFiles account.<\/p>\n<h3 style=\"text-align: center;\">Benefits of Registration:<\/h3>\n<p style=\"text-align: center;\"><strong>Faster Downloads<\/strong>: Registered users enjoy higher download speeds.<\/p>\n<p style=\"text-align: center;\"><strong>File Management<\/strong>: Organize and manage your files effortlessly.<\/p>\n<p style=\"text-align: center;\"><strong>Personalized Experience<\/strong>: Tailor TezFiles to your preferences.<\/p>\n<h3 style=\"text-align: center;\">Ready to Get Started?<\/h3>\n<p style=\"text-align: center;\">Create your TezFiles account now and experience seamless file hosting!<\/p>\n<p style=\"text-align: center;\"><a href=\"https:\/\/tezfilespremium.net\/affiliate\"><img loading=\"lazy\" decoding=\"async\" class=\"aligncenter wp-image-25 size-full\" src=\"https:\/\/tezfilespremium.net\/wp-content\/uploads\/2016\/05\/tezfiles_registration_window.png\" alt=\"tezfiles_registration_window\" width=\"506\" height=\"330\" \/><\/a><\/p>\n<p><img loading=\"lazy\" decoding=\"async\" class=\"aligncenter wp-image-293 size-full\" src=\"https:\/\/tezfilespremium.net\/wp-content\/uploads\/2023\/12\/tezfiles-compare.png\" alt=\"tezfiles compare\" width=\"662\" height=\"424\" srcset=\"https:\/\/tezfilespremium.net\/wp-content\/uploads\/2023\/12\/tezfiles-compare.png 662w, https:\/\/tezfilespremium.net\/wp-content\/uploads\/2023\/12\/tezfiles-compare-300x192.png 300w, https:\/\/tezfilespremium.net\/wp-content\/uploads\/2023\/12\/tezfiles-compare-100x64.png 100w, https:\/\/tezfilespremium.net\/wp-content\/uploads\/2023\/12\/tezfiles-compare-150x96.png 150w, https:\/\/tezfilespremium.net\/wp-content\/uploads\/2023\/12\/tezfiles-compare-200x128.png 200w, https:\/\/tezfilespremium.net\/wp-content\/uploads\/2023\/12\/tezfiles-compare-450x288.png 450w, https:\/\/tezfilespremium.net\/wp-content\/uploads\/2023\/12\/tezfiles-compare-600x384.png 600w\" sizes=\"auto, (max-width: 662px) 100vw, 662px\" \/><\/p>\n","protected":false},"excerpt":{"rendered":"<p>Einfache und schnelle Registrierung bei TezFiles Schnell und Sicher: Genie\u00dfen Sie blitzschnelle Datei-Uploads und -Downloads mit erstklassigen Sicherheitsma\u00dfnahmen. Unbegrenzter Speicher: Speichern Sie alle Ihre Dateien an einem Ort mit unseren gro\u00dfz\u00fcgigen Speicheroptionen. Benutzerfreundliche Oberfl\u00e4che: Navigieren Sie m\u00fchelos mit unserer intuitiven &hellip;<\/p>\n<p class=\"read-more\"> <a class=\"more-link\" href=\"https:\/\/tezfilespremium.net\/de\/register\/\"> <span class=\"screen-reader-text\">Registrieren<\/span> Weiterlesen &raquo;<\/a><\/p>\n","protected":false},"author":1,"featured_media":0,"parent":0,"menu_order":0,"comment_status":"closed","ping_status":"open","template":"","meta":{"footnotes":""},"class_list":["post-2","page","type-page","status-publish","hentry"],"_links":{"self":[{"href":"https:\/\/tezfilespremium.net\/de\/wp-json\/wp\/v2\/pages\/2","targetHints":{"allow":["GET"]}}],"collection":[{"href":"https:\/\/tezfilespremium.net\/de\/wp-json\/wp\/v2\/pages"}],"about":[{"href":"https:\/\/tezfilespremium.net\/de\/wp-json\/wp\/v2\/types\/page"}],"author":[{"embeddable":true,"href":"https:\/\/tezfilespremium.net\/de\/wp-json\/wp\/v2\/users\/1"}],"replies":[{"embeddable":true,"href":"https:\/\/tezfilespremium.net\/de\/wp-json\/wp\/v2\/comments?post=2"}],"version-history":[{"count":28,"href":"https:\/\/tezfilespremium.net\/de\/wp-json\/wp\/v2\/pages\/2\/revisions"}],"predecessor-version":[{"id":306,"href":"https:\/\/tezfilespremium.net\/de\/wp-json\/wp\/v2\/pages\/2\/revisions\/306"}],"wp:attachment":[{"href":"https:\/\/tezfilespremium.net\/de\/wp-json\/wp\/v2\/media?parent=2"}],"curies":[{"name":"wp","href":"https:\/\/api.w.org\/{rel}","templated":true}]}}