{"id":10,"date":"2016-05-16T23:32:50","date_gmt":"2016-05-16T23:32:50","guid":{"rendered":"http:\/\/tezfilespremium.net\/?page_id=10"},"modified":"2024-01-22T12:15:10","modified_gmt":"2024-01-22T12:15:10","slug":"premium-membership","status":"publish","type":"page","link":"https:\/\/tezfilespremium.net\/de\/premium-membership\/","title":{"rendered":"Premiumaccount"},"content":{"rendered":"<p style=\"text-align: center;\"><span style=\"color: #000000;\">Get a PREMIUM Membership Now!<\/span><\/p>\n<p style=\"text-align: center;\">Unlock a world of convenience and speed with Tezfiles Premium. Choose the plan that suits your needs and enjoy a seamless file-sharing experience.<\/p>\n<h2 style=\"text-align: center;\">Monthly Plan: $29.95<\/h2>\n<ul style=\"text-align: center;\">\n<li><strong>20,000 MB Daily Quota<\/strong><\/li>\n<li>Play videos online<\/li>\n<li>High-speed download<\/li>\n<li>Maximum Download Speed<\/li>\n<li>Download accelerators<\/li>\n<li>Simultaneous downloads<\/li>\n<li>Resumable downloads<\/li>\n<li>Files are checked for viruses<\/li>\n<li>Unlimited video preview<\/li>\n<li>Anonymous downloads<\/li>\n<li>Bigger Storage<\/li>\n<li>Max upload file size 10 GB<\/li>\n<\/ul>\n<p style=\"text-align: center;\"><em>If paid per 30 days.<\/em><\/p>\n<h2 style=\"text-align: center;\">90-Days Plan: $23.32<\/h2>\n<ul style=\"text-align: center;\">\n<li><strong>20,000 MB Daily Quota<\/strong><\/li>\n<li>Play videos online<\/li>\n<li>High-speed download<\/li>\n<li>Maximum Download Speed<\/li>\n<li>Download accelerators<\/li>\n<li>Simultaneous downloads<\/li>\n<li>Resumable downloads<\/li>\n<li>Files are checked for viruses<\/li>\n<li>Unlimited video preview<\/li>\n<li>Anonymous downloads<\/li>\n<li>Bigger Storage<\/li>\n<li>Max upload file size 10 GB<\/li>\n<\/ul>\n<p style=\"text-align: center;\"><em>If paid per 90 days.<\/em><\/p>\n<h2 style=\"text-align: center;\">Annual Plan: $15.00<\/h2>\n<ul style=\"text-align: center;\">\n<li><strong>20,000 MB Daily Quota<\/strong><\/li>\n<li>Play videos online<\/li>\n<li>High-speed download<\/li>\n<li>Maximum Download Speed<\/li>\n<li>Download accelerators<\/li>\n<li>Simultaneous downloads<\/li>\n<li>Resumable downloads<\/li>\n<li>Files are checked for viruses<\/li>\n<li>Unlimited video preview<\/li>\n<li>Anonymous downloads<\/li>\n<li>Bigger Storage<\/li>\n<li>Max upload file size 10 GB<\/li>\n<\/ul>\n<p style=\"text-align: center;\"><em>If paid per 365 days.<\/em><\/p>\n<h3 style=\"text-align: center;\">Additional Benefits:<\/h3>\n<ul style=\"text-align: center;\">\n<li>Get access to 1000+ websites<\/li>\n<li>Play videos online<\/li>\n<li>High-speed download<\/li>\n<\/ul>\n<hr \/>\n<p style=\"text-align: center;\"><em>Experience the power of Tezfiles Premium and elevate your file-sharing journey today!<\/em><\/p>\n<hr \/>\n<p>&nbsp;<\/p>\n<p style=\"text-align: center;\"><a href=\"https:\/\/tezfilespremium.net\/premium\"><img loading=\"lazy\" decoding=\"async\" class=\"aligncenter wp-image-11 size-full\" src=\"https:\/\/tezfilespremium.net\/wp-content\/uploads\/2016\/05\/tezfiles-premium-plans.png\" alt=\"tezfiles-premium-plans\" width=\"882\" height=\"514\" \/><\/a><\/p>\n","protected":false},"excerpt":{"rendered":"<p>Holen Sie sich jetzt eine PREMIUM-Mitgliedschaft! Entsperren Sie eine Welt voller Bequemlichkeit und Geschwindigkeit mit Tezfiles Premium. W\u00e4hlen Sie den Plan, der Ihren Bed\u00fcrfnissen entspricht, und genie\u00dfen Sie eine nahtlose Dateifreigabe-Erfahrung. Monatsplan: 29,95 $ 20.000 MB t\u00e4gliches Kontingent Videos online &hellip;<\/p>\n<p class=\"read-more\"> <a class=\"more-link\" href=\"https:\/\/tezfilespremium.net\/de\/premium-membership\/\"> <span class=\"screen-reader-text\">Premiumaccount<\/span> Weiterlesen &raquo;<\/a><\/p>\n","protected":false},"author":1,"featured_media":0,"parent":0,"menu_order":1,"comment_status":"closed","ping_status":"closed","template":"full-width-page.php","meta":{"footnotes":""},"class_list":["post-10","page","type-page","status-publish","hentry"],"_links":{"self":[{"href":"https:\/\/tezfilespremium.net\/de\/wp-json\/wp\/v2\/pages\/10","targetHints":{"allow":["GET"]}}],"collection":[{"href":"https:\/\/tezfilespremium.net\/de\/wp-json\/wp\/v2\/pages"}],"about":[{"href":"https:\/\/tezfilespremium.net\/de\/wp-json\/wp\/v2\/types\/page"}],"author":[{"embeddable":true,"href":"https:\/\/tezfilespremium.net\/de\/wp-json\/wp\/v2\/users\/1"}],"replies":[{"embeddable":true,"href":"https:\/\/tezfilespremium.net\/de\/wp-json\/wp\/v2\/comments?post=10"}],"version-history":[{"count":12,"href":"https:\/\/tezfilespremium.net\/de\/wp-json\/wp\/v2\/pages\/10\/revisions"}],"predecessor-version":[{"id":303,"href":"https:\/\/tezfilespremium.net\/de\/wp-json\/wp\/v2\/pages\/10\/revisions\/303"}],"wp:attachment":[{"href":"https:\/\/tezfilespremium.net\/de\/wp-json\/wp\/v2\/media?parent=10"}],"curies":[{"name":"wp","href":"https:\/\/api.w.org\/{rel}","templated":true}]}}